{"id":3,"date":"2022-01-10T17:00:52","date_gmt":"2022-01-10T17:00:52","guid":{"rendered":"http:\/\/test.campinghuertaromero.es\/?page_id=3"},"modified":"2022-01-25T18:39:49","modified_gmt":"2022-01-25T18:39:49","slug":"stornierungsbedingungen","status":"publish","type":"page","link":"https:\/\/campinghuertaromero.es\/de\/stornierungsbedingungen\/","title":{"rendered":"Annullierungspolitik"},"content":{"rendered":"<p>Um die Reservierung zu best\u00e4tigen, ist es notwendig, eine Anzahlung von 25% des Gesamtbetrags des Aufenthalts auf unser Bankkonto zu zahlen. Sobald die Anzahlung eingegangen ist, best\u00e4tigt Huerta Romero die Buchung, indem es dem Kunden eine E-Mail mit der Best\u00e4tigung des Betrags schickt. Die Reservierung wird erst nach Best\u00e4tigung der Anzahlung durch den Campingplatz wirksam. Wenn die Anzahlung nicht innerhalb von 10 Tagen eingeht, wird die Reservierung als nichtig betrachtet.<\/p>\n\n\n\n<h2 class=\"wp-block-heading\">CAMPING:<\/h2>\n\n\n\n<ul class=\"wp-block-list\"><li>Haustiere sind erlaubt, solange sie nicht als gef\u00e4hrliche Rassen gelten und keinen Maulkorb tragen.<\/li><li>Bei der Ankunft auf dem Campingplatz ist der Gesamtbetrag des Aufenthalts abz\u00fcglich der Reservierungskaution zu zahlen.<\/li><li>Check-in Zeiten: Von 12:00 bis 22:00 Uhr.<\/li><li>Abfahrtszeit: Vor 14:00 Uhr am vereinbarten Abreisetag.<\/li><li>Mit der Reservierung wird eine Parzelle garantiert, ohne dass deren Anzahl festgelegt wird, obwohl Standortpr\u00e4ferenzen vorgeschlagen werden k\u00f6nnen und jede Anstrengung unternommen wird, den Kunden unterzubringen.<\/li><li>Huerta Romero beh\u00e4lt sich das Recht vor, den Campingbereich ohne vorherige Ank\u00fcndigung zu \u00e4ndern.<\/li><\/ul>\n\n\n\n<h2 class=\"wp-block-heading\">UNTERKUNFT:<\/h2>\n\n\n\n<ul class=\"wp-block-list\"><li>TIERE SIND ERLAUBT.<\/li><li>Bei der Ankunft auf dem Campingplatz ist der Gesamtbetrag des Aufenthalts abz\u00fcglich der Reservierungskaution zu zahlen.<\/li><li>Check-in Zeiten: Von 14:00h bis 22:00h.<\/li><li>Abfahrtszeit: Vor 14:00 Uhr am vereinbarten Abreisetag.<\/li><li>Mit einer Reservierung ist die Unterkunft garantiert.<\/li><li>Der Preis gilt f\u00fcr die in der jeweiligen Unterkunft angegebene maximale Personenzahl und nur f\u00fcr ein Fahrzeug. Das Parken eines zus\u00e4tzlichen Fahrzeugs wird nach dem saisonalen Tarif bezahlt, ebenso wie eventuelle Besuche, die Sie haben.<\/li><li>Der Kunde hinterl\u00e4sst eine Kaution in H\u00f6he von 150 Euro (in bar oder per Kreditkarte) f\u00fcr eventuelle Sch\u00e4den, Br\u00fcche oder eine gr\u00fcndliche Reinigung, die im Modul durchgef\u00fchrt werden m\u00fcssen. Diese Kaution wird am Tag der Abreise zur\u00fcckerstattet, nachdem der Zustand der Unterkunft und des Inventars \u00fcberpr\u00fcft wurde.<\/li><\/ul>\n\n\n\n<h2 class=\"wp-block-heading\"><strong>ANNULLIERUNG:<\/strong><\/h2>\n\n\n\n<p>Wenn Sie eine Reservierung stornieren m\u00f6chten, gelten f\u00fcr den Campingplatz die Bestimmungen von Artikel 26 des Dekrets 159\/2012 vom 20. NOVEMBER \u00fcber die Beherbergungsbetriebe und die H\u00e4user f\u00fcr touristische Zwecke (DOGC vom 5. DEZEMBER).<\/p>\n\n\n\n<h3 class=\"wp-block-heading\">Artikel 26: Annullierung des Vorbehalts:<\/h3>\n\n\n\n<ol class=\"wp-block-list\"><li>Der Nutzer hat das Recht, die best\u00e4tigte Reservierung ohne Vertragsstrafe zu stornieren, sofern dies innerhalb von zehn Tagen vor dem Anreisedatum geschieht, sofern nichts anderes vereinbart wurde.<\/li><li>Bei einer Stornierung durch den Nutzer innerhalb von zehn Tagen vor dem Anreisedatum werden folgende Vertragsstrafen f\u00e4llig, sofern nicht anders vereinbart:<\/li><li>a) Sie k\u00fcndigen zwischen 9 und 5 Tagen vor dem Anreisetag Ihrer Reservierung: die 50% der Reservierung werden erstattet.<\/li><li>b) Benachrichtigen Sie die Stornierung zwischen 4 und 1 Tag(en) vor dem Anreisetag Ihrer Reservierung: die Reservierungsgeb\u00fchr wird nicht zur\u00fcckerstattet.<\/li><\/ol>\n\n\n\n<p>*Die oben genannten Strafen gelten nicht, wenn die Stornierung auf h\u00f6here Gewalt zur\u00fcckzuf\u00fchren ist, die ordnungsgem\u00e4\u00df anerkannt wurde.<\/p>\n\n\n\n<h3 class=\"wp-block-heading\">Pr\u00e4sentation:<\/h3>\n\n\n\n<p>Eine Buchung, die nicht am vorgesehenen Tag eintrifft, wird als storniert betrachtet und die Buchungsanzahlung wird nicht zur\u00fcckerstattet. Eine Versp\u00e4tung bei der Ankunft des Kunden wird nur ber\u00fccksichtigt, wenn sie 24 Stunden im Voraus mitgeteilt wurde. Bei Nichteinhaltung der K\u00fcndigungsfrist werden dem Kunden die Tage berechnet, an denen der Stellplatz\/die Unterkunft unbesetzt bleibt.<\/p>","protected":false},"excerpt":{"rendered":"<p>Um die Reservierung zu best\u00e4tigen, ist es notwendig, eine Anzahlung von 25% des Gesamtbetrags des Aufenthalts auf unser Bankkonto zu zahlen. Sobald die Anzahlung eingegangen ist, wird Huerta Romero die Buchung best\u00e4tigen, indem der Kunde eine E-Mail mit der Best\u00e4tigung des Betrags erh\u00e4lt. Die Reservierung wird erst nach der Best\u00e4tigung der Anzahlung durch den Campingplatz wirksam. [...]<\/p>","protected":false},"author":1,"featured_media":0,"parent":0,"menu_order":0,"comment_status":"closed","ping_status":"closed","template":"","meta":{"site-sidebar-layout":"default","site-content-layout":"","ast-site-content-layout":"","site-content-style":"default","site-sidebar-style":"default","ast-global-header-display":"","ast-banner-title-visibility":"","ast-main-header-display":"","ast-hfb-above-header-display":"","ast-hfb-below-header-display":"","ast-hfb-mobile-header-display":"","site-post-title":"","ast-breadcrumbs-content":"","ast-featured-img":"","footer-sml-layout":"","theme-transparent-header-meta":"","adv-header-id-meta":"","stick-header-meta":"","header-above-stick-meta":"","header-main-stick-meta":"","header-below-stick-meta":"","astra-migrate-meta-layouts":"default","ast-page-background-enabled":"default","ast-page-background-meta":{"desktop":{"background-color":"","background-image":"","background-repeat":"repeat","background-position":"center center","background-size":"auto","background-attachment":"scroll","background-type":"","background-media":"","overlay-type":"","overlay-color":"","overlay-opacity":"","overlay-gradient":""},"tablet":{"background-color":"","background-image":"","background-repeat":"repeat","background-position":"center center","background-size":"auto","background-attachment":"scroll","background-type":"","background-media":"","overlay-type":"","overlay-color":"","overlay-opacity":"","overlay-gradient":""},"mobile":{"background-color":"","background-image":"","background-repeat":"repeat","background-position":"center center","background-size":"auto","background-attachment":"scroll","background-type":"","background-media":"","overlay-type":"","overlay-color":"","overlay-opacity":"","overlay-gradient":""}},"ast-content-background-meta":{"desktop":{"background-color":"var(--ast-global-color-5)","background-image":"","background-repeat":"repeat","background-position":"center center","background-size":"auto","background-attachment":"scroll","background-type":"","background-media":"","overlay-type":"","overlay-color":"","overlay-opacity":"","overlay-gradient":""},"tablet":{"background-color":"var(--ast-global-color-5)","background-image":"","background-repeat":"repeat","background-position":"center center","background-size":"auto","background-attachment":"scroll","background-type":"","background-media":"","overlay-type":"","overlay-color":"","overlay-opacity":"","overlay-gradient":""},"mobile":{"background-color":"var(--ast-global-color-5)","background-image":"","background-repeat":"repeat","background-position":"center center","background-size":"auto","background-attachment":"scroll","background-type":"","background-media":"","overlay-type":"","overlay-color":"","overlay-opacity":"","overlay-gradient":""}},"footnotes":""},"class_list":["post-3","page","type-page","status-publish","hentry"],"_links":{"self":[{"href":"https:\/\/campinghuertaromero.es\/de\/wp-json\/wp\/v2\/pages\/3","targetHints":{"allow":["GET"]}}],"collection":[{"href":"https:\/\/campinghuertaromero.es\/de\/wp-json\/wp\/v2\/pages"}],"about":[{"href":"https:\/\/campinghuertaromero.es\/de\/wp-json\/wp\/v2\/types\/page"}],"author":[{"embeddable":true,"href":"https:\/\/campinghuertaromero.es\/de\/wp-json\/wp\/v2\/users\/1"}],"replies":[{"embeddable":true,"href":"https:\/\/campinghuertaromero.es\/de\/wp-json\/wp\/v2\/comments?post=3"}],"version-history":[{"count":0,"href":"https:\/\/campinghuertaromero.es\/de\/wp-json\/wp\/v2\/pages\/3\/revisions"}],"wp:attachment":[{"href":"https:\/\/campinghuertaromero.es\/de\/wp-json\/wp\/v2\/media?parent=3"}],"curies":[{"name":"wp","href":"https:\/\/api.w.org\/{rel}","templated":true}]}}