{"id":3,"date":"2022-01-10T17:00:52","date_gmt":"2022-01-10T17:00:52","guid":{"rendered":"http:\/\/test.campinghuertaromero.es\/?page_id=3"},"modified":"2022-01-25T18:39:49","modified_gmt":"2022-01-25T18:39:49","slug":"politique-dannulation","status":"publish","type":"page","link":"https:\/\/campinghuertaromero.es\/fr\/politique-dannulation\/","title":{"rendered":"Politique d'annulation"},"content":{"rendered":"<p>Afin de confirmer la r\u00e9servation, il est n\u00e9cessaire de verser un acompte de 25% du montant total du s\u00e9jour sur notre compte bancaire. Une fois l'acompte re\u00e7u, Huerta Romero validera la r\u00e9servation en envoyant au client un e-mail confirmant le montant. La r\u00e9servation ne sera effective qu'apr\u00e8s confirmation de l'acompte par le camping. Si le d\u00e9p\u00f4t n'est pas re\u00e7u dans les 10 jours, la r\u00e9servation sera consid\u00e9r\u00e9e comme nulle et non avenue.<\/p>\n\n\n\n<h2 class=\"wp-block-heading\">CAMPING :<\/h2>\n\n\n\n<ul class=\"wp-block-list\"><li>Les animaux de compagnie sont autoris\u00e9s \u00e0 condition qu'ils ne soient pas consid\u00e9r\u00e9s comme des races dangereuses et qu'ils ne portent pas de museli\u00e8re.<\/li><li>A l'arriv\u00e9e au camping, le montant total du s\u00e9jour sera pay\u00e9, moins le d\u00e9p\u00f4t de r\u00e9servation.<\/li><li>Heures d'arriv\u00e9e : de 12h00 \u00e0 22h00.<\/li><li>Heure de d\u00e9part : Avant 14h00 le jour convenu du d\u00e9part.<\/li><li>Avec la r\u00e9servation, un emplacement est garanti sans que son nombre soit d\u00e9termin\u00e9, bien que des pr\u00e9f\u00e9rences d'emplacement puissent \u00eatre sugg\u00e9r\u00e9es et que tous les efforts soient faits pour satisfaire le client.<\/li><li>Huerta Romero se r\u00e9serve le droit de modifier la zone de camping sans pr\u00e9avis.<\/li><\/ul>\n\n\n\n<h2 class=\"wp-block-heading\">LOGEMENT :<\/h2>\n\n\n\n<ul class=\"wp-block-list\"><li>LES ANIMAUX SONT AUTORIS\u00c9S.<\/li><li>A l'arriv\u00e9e au camping, le montant total du s\u00e9jour sera pay\u00e9, moins le d\u00e9p\u00f4t de r\u00e9servation.<\/li><li>Heures d'arriv\u00e9e : de 14h00 \u00e0 22h00.<\/li><li>Heure de d\u00e9part : Avant 14h00 le jour convenu du d\u00e9part.<\/li><li>Avec la r\u00e9servation, l'h\u00e9bergement est garanti.<\/li><li>Le prix est fix\u00e9 pour le nombre de personnes indiqu\u00e9 comme capacit\u00e9 maximale dans chaque logement et pour un seul v\u00e9hicule. Le stationnement d'un v\u00e9hicule suppl\u00e9mentaire sera pay\u00e9 selon le tarif saisonnier, ainsi que les visites \u00e9ventuelles.<\/li><li>Le client laissera une caution de 150 euros (en esp\u00e8ces ou par carte de cr\u00e9dit), pour tout \u00e9ventuel dommage, casse ou nettoyage approfondi qui pourrait devoir \u00eatre effectu\u00e9 dans le module. Cette caution sera restitu\u00e9e le jour du d\u00e9part, apr\u00e8s v\u00e9rification de l'\u00e9tat du logement et de son inventaire.<\/li><\/ul>\n\n\n\n<h2 class=\"wp-block-heading\"><strong>ANNULATION :<\/strong><\/h2>\n\n\n\n<p>Si vous souhaitez annuler une r\u00e9servation, le camping sera r\u00e9gi par l'article 26 du D\u00c9CRET 159\/2012, DU 20 NOVEMBRE, SUR LES \u00c9TABLISSEMENTS D'H\u00c9BERGEMENT TOURISTIQUE ET LES MAISONS \u00c0 USAGE TOURISTIQUE (DOGC DU 5 D\u00c9CEMBRE).<\/p>\n\n\n\n<h3 class=\"wp-block-heading\">Article 26 : Annulation de la r\u00e9servation :<\/h3>\n\n\n\n<ol class=\"wp-block-list\"><li>L'utilisateur a le droit d'annuler la r\u00e9servation confirm\u00e9e, sans p\u00e9nalit\u00e9, \u00e0 condition que cela soit fait dans les dix jours pr\u00e9c\u00e9dant la date d'arriv\u00e9e, sauf accord contraire.<\/li><li>L'annulation effectu\u00e9e par l'utilisateur dans les dix jours pr\u00e9c\u00e9dant la date d'arriv\u00e9e donnera lieu aux p\u00e9nalit\u00e9s suivantes, sauf accord contraire :<\/li><li>a) Vous donnez un avis d'annulation entre 9 et 5 jours avant le jour d'arriv\u00e9e de votre r\u00e9servation : les 50% de la r\u00e9servation sont rembours\u00e9s.<\/li><li>b) Notifier l'annulation entre 4 et 1 jour(s) avant le jour d'arriv\u00e9e de votre r\u00e9servation : les frais de r\u00e9servation ne seront pas rembours\u00e9s.<\/li><\/ol>\n\n\n\n<p>*Les p\u00e9nalit\u00e9s ci-dessus ne s'appliquent pas lorsque l'annulation est due \u00e0 un cas de force majeure, d\u00fbment accr\u00e9dit\u00e9.<\/p>\n\n\n\n<h3 class=\"wp-block-heading\">Pr\u00e9sentation :<\/h3>\n\n\n\n<p>Une r\u00e9servation qui ne se pr\u00e9sente pas le jour pr\u00e9vu sera consid\u00e9r\u00e9e comme annul\u00e9e et le d\u00e9p\u00f4t de r\u00e9servation ne sera pas rembours\u00e9. Un retard dans l'arriv\u00e9e du client ne sera pris en compte que s'il a \u00e9t\u00e9 communiqu\u00e9 au pr\u00e9alable 24 heures \u00e0 l'avance. En cas d'absence de pr\u00e9avis, le client sera factur\u00e9 pour les jours o\u00f9 l'emplacement\/l'h\u00e9bergement est rest\u00e9 inoccup\u00e9.<\/p>","protected":false},"excerpt":{"rendered":"<p>Afin de confirmer la r\u00e9servation, il est n\u00e9cessaire de verser un acompte de 25% du montant total du s\u00e9jour sur notre compte bancaire. Une fois l'acompte re\u00e7u, Huerta Romero validera la r\u00e9servation en envoyant au client un e-mail confirmant le montant. La r\u00e9servation ne sera effective qu'apr\u00e8s confirmation de l'acompte par le camping. [...]<\/p>","protected":false},"author":1,"featured_media":0,"parent":0,"menu_order":0,"comment_status":"closed","ping_status":"closed","template":"","meta":{"site-sidebar-layout":"default","site-content-layout":"","ast-site-content-layout":"","site-content-style":"default","site-sidebar-style":"default","ast-global-header-display":"","ast-banner-title-visibility":"","ast-main-header-display":"","ast-hfb-above-header-display":"","ast-hfb-below-header-display":"","ast-hfb-mobile-header-display":"","site-post-title":"","ast-breadcrumbs-content":"","ast-featured-img":"","footer-sml-layout":"","theme-transparent-header-meta":"","adv-header-id-meta":"","stick-header-meta":"","header-above-stick-meta":"","header-main-stick-meta":"","header-below-stick-meta":"","astra-migrate-meta-layouts":"default","ast-page-background-enabled":"default","ast-page-background-meta":{"desktop":{"background-color":"","background-image":"","background-repeat":"repeat","background-position":"center center","background-size":"auto","background-attachment":"scroll","background-type":"","background-media":"","overlay-type":"","overlay-color":"","overlay-opacity":"","overlay-gradient":""},"tablet":{"background-color":"","background-image":"","background-repeat":"repeat","background-position":"center center","background-size":"auto","background-attachment":"scroll","background-type":"","background-media":"","overlay-type":"","overlay-color":"","overlay-opacity":"","overlay-gradient":""},"mobile":{"background-color":"","background-image":"","background-repeat":"repeat","background-position":"center center","background-size":"auto","background-attachment":"scroll","background-type":"","background-media":"","overlay-type":"","overlay-color":"","overlay-opacity":"","overlay-gradient":""}},"ast-content-background-meta":{"desktop":{"background-color":"var(--ast-global-color-5)","background-image":"","background-repeat":"repeat","background-position":"center center","background-size":"auto","background-attachment":"scroll","background-type":"","background-media":"","overlay-type":"","overlay-color":"","overlay-opacity":"","overlay-gradient":""},"tablet":{"background-color":"var(--ast-global-color-5)","background-image":"","background-repeat":"repeat","background-position":"center center","background-size":"auto","background-attachment":"scroll","background-type":"","background-media":"","overlay-type":"","overlay-color":"","overlay-opacity":"","overlay-gradient":""},"mobile":{"background-color":"var(--ast-global-color-5)","background-image":"","background-repeat":"repeat","background-position":"center center","background-size":"auto","background-attachment":"scroll","background-type":"","background-media":"","overlay-type":"","overlay-color":"","overlay-opacity":"","overlay-gradient":""}},"footnotes":""},"class_list":["post-3","page","type-page","status-publish","hentry"],"_links":{"self":[{"href":"https:\/\/campinghuertaromero.es\/fr\/wp-json\/wp\/v2\/pages\/3","targetHints":{"allow":["GET"]}}],"collection":[{"href":"https:\/\/campinghuertaromero.es\/fr\/wp-json\/wp\/v2\/pages"}],"about":[{"href":"https:\/\/campinghuertaromero.es\/fr\/wp-json\/wp\/v2\/types\/page"}],"author":[{"embeddable":true,"href":"https:\/\/campinghuertaromero.es\/fr\/wp-json\/wp\/v2\/users\/1"}],"replies":[{"embeddable":true,"href":"https:\/\/campinghuertaromero.es\/fr\/wp-json\/wp\/v2\/comments?post=3"}],"version-history":[{"count":0,"href":"https:\/\/campinghuertaromero.es\/fr\/wp-json\/wp\/v2\/pages\/3\/revisions"}],"wp:attachment":[{"href":"https:\/\/campinghuertaromero.es\/fr\/wp-json\/wp\/v2\/media?parent=3"}],"curies":[{"name":"wp","href":"https:\/\/api.w.org\/{rel}","templated":true}]}}