{"id":681,"date":"2021-04-19T06:01:58","date_gmt":"2021-04-19T06:01:58","guid":{"rendered":"https:\/\/test.campinghuertaromero.es\/?page_id=681"},"modified":"2022-04-28T01:01:17","modified_gmt":"2022-04-27T23:01:17","slug":"logement","status":"publish","type":"page","link":"https:\/\/campinghuertaromero.es\/fr\/alojamientos\/","title":{"rendered":"H\u00e9bergement"},"content":{"rendered":"<div data-elementor-type=\"wp-page\" data-elementor-id=\"681\" class=\"elementor elementor-681\">\n\t\t\t\t\t\t<section class=\"elementor-section elementor-top-section elementor-element elementor-element-19bd2ce elementor-section-boxed elementor-section-height-default elementor-section-height-default\" data-id=\"19bd2ce\" data-element_type=\"section\" data-e-type=\"section\" data-settings=\"{&quot;background_background&quot;:&quot;gradient&quot;}\">\n\t\t\t\t\t\t\t<div class=\"elementor-background-overlay\"><\/div>\n\t\t\t\t\t\t\t<div class=\"elementor-container elementor-column-gap-no\">\n\t\t\t\t\t<div class=\"elementor-column elementor-col-100 elementor-top-column elementor-element elementor-element-a12e467\" data-id=\"a12e467\" data-element_type=\"column\" data-e-type=\"column\">\n\t\t\t<div class=\"elementor-widget-wrap elementor-element-populated\">\n\t\t\t\t\t\t<div class=\"elementor-element elementor-element-a0473ed elementor-widget elementor-widget-heading\" data-id=\"a0473ed\" data-element_type=\"widget\" data-e-type=\"widget\" data-widget_type=\"heading.default\">\n\t\t\t\t<div class=\"elementor-widget-container\">\n\t\t\t\t\t<h6 class=\"elementor-heading-title elementor-size-default\">Camping huerta romero<\/h6>\t\t\t\t<\/div>\n\t\t\t\t<\/div>\n\t\t\t\t<div class=\"elementor-element elementor-element-624003d elementor-widget elementor-widget-heading\" data-id=\"624003d\" data-element_type=\"widget\" data-e-type=\"widget\" data-widget_type=\"heading.default\">\n\t\t\t\t<div class=\"elementor-widget-container\">\n\t\t\t\t\t<h2 class=\"elementor-heading-title elementor-size-default\">Profitez d'un environnement unique<\/h2>\t\t\t\t<\/div>\n\t\t\t\t<\/div>\n\t\t\t\t<div class=\"elementor-element elementor-element-c612b87 elementor-widget elementor-widget-text-editor\" data-id=\"c612b87\" data-element_type=\"widget\" data-e-type=\"widget\" data-widget_type=\"text-editor.default\">\n\t\t\t\t<div class=\"elementor-widget-container\">\n\t\t\t\t\t\t\t\t\t<p>Nous vous proposons des alternatives uniques pour que vous puissiez profiter d'un merveilleux s\u00e9jour.<\/p>\t\t\t\t\t\t\t\t<\/div>\n\t\t\t\t<\/div>\n\t\t\t\t<section class=\"elementor-section elementor-inner-section elementor-element elementor-element-662547a elementor-section-content-middle elementor-section-boxed elementor-section-height-default elementor-section-height-default\" data-id=\"662547a\" data-element_type=\"section\" data-e-type=\"section\" data-settings=\"{&quot;background_background&quot;:&quot;classic&quot;}\">\n\t\t\t\t\t\t<div class=\"elementor-container elementor-column-gap-no\">\n\t\t\t\t\t<div class=\"elementor-column elementor-col-50 elementor-inner-column elementor-element elementor-element-2516e5b\" data-id=\"2516e5b\" data-element_type=\"column\" data-e-type=\"column\">\n\t\t\t<div class=\"elementor-widget-wrap elementor-element-populated\">\n\t\t\t\t\t\t<div class=\"elementor-element elementor-element-25fa658 elementor-arrows-position-inside elementor-widget elementor-widget-image-carousel\" data-id=\"25fa658\" data-element_type=\"widget\" data-e-type=\"widget\" data-settings=\"{&quot;slides_to_show&quot;:&quot;1&quot;,&quot;navigation&quot;:&quot;arrows&quot;,&quot;effect&quot;:&quot;fade&quot;,&quot;autoplay&quot;:&quot;yes&quot;,&quot;pause_on_hover&quot;:&quot;yes&quot;,&quot;pause_on_interaction&quot;:&quot;yes&quot;,&quot;autoplay_speed&quot;:5000,&quot;infinite&quot;:&quot;yes&quot;,&quot;speed&quot;:500}\" data-widget_type=\"image-carousel.default\">\n\t\t\t\t<div class=\"elementor-widget-container\">\n\t\t\t\t\t\t\t<div class=\"elementor-image-carousel-wrapper swiper\" role=\"region\" aria-roledescription=\"carousel\" aria-label=\"Carrusel de im\u00e1genes\" dir=\"ltr\">\n\t\t\t<div class=\"elementor-image-carousel swiper-wrapper swiper-image-stretch\" aria-live=\"off\">\n\t\t\t\t\t\t\t\t<div class=\"swiper-slide\" role=\"group\" aria-roledescription=\"slide\" aria-label=\"1 de 6\"><a data-elementor-open-lightbox=\"yes\" data-elementor-lightbox-slideshow=\"25fa658\" data-elementor-lightbox-title=\"Fachada_casitas_de_madera\" data-e-action-hash=\"#elementor-action%3Aaction%3Dlightbox%26settings%3DeyJpZCI6MTc0NCwidXJsIjoiaHR0cHM6XC9cL2NhbXBpbmdodWVydGFyb21lcm8uZXNcL3dwLWNvbnRlbnRcL3VwbG9hZHNcLzIwMjJcLzA0XC9GYWNoYWRhX2Nhc2l0YXNfZGVfbWFkZXJhLTEuanBnIiwic2xpZGVzaG93IjoiMjVmYTY1OCJ9\" href=\"https:\/\/campinghuertaromero.es\/wp-content\/uploads\/2022\/04\/Fachada_casitas_de_madera-1.jpg\"><figure class=\"swiper-slide-inner\"><img decoding=\"async\" class=\"swiper-slide-image\" src=\"https:\/\/campinghuertaromero.es\/wp-content\/uploads\/2022\/04\/Fachada_casitas_de_madera-1.jpg\" alt=\"Fa\u00e7ade_maison_en_bois\" \/><\/figure><\/a><\/div><div class=\"swiper-slide\" role=\"group\" aria-roledescription=\"slide\" aria-label=\"2 de 6\"><a data-elementor-open-lightbox=\"yes\" data-elementor-lightbox-slideshow=\"25fa658\" data-elementor-lightbox-title=\"bedroom\" data-e-action-hash=\"#elementor-action%3Aaction%3Dlightbox%26settings%3DeyJpZCI6MTc0MiwidXJsIjoiaHR0cHM6XC9cL2NhbXBpbmdodWVydGFyb21lcm8uZXNcL3dwLWNvbnRlbnRcL3VwbG9hZHNcLzIwMjJcLzA0XC9iZWRyb29tLTEuanBnIiwic2xpZGVzaG93IjoiMjVmYTY1OCJ9\" href=\"https:\/\/campinghuertaromero.es\/wp-content\/uploads\/2022\/04\/bedroom-1.jpg\"><figure class=\"swiper-slide-inner\"><img decoding=\"async\" class=\"swiper-slide-image\" src=\"https:\/\/campinghuertaromero.es\/wp-content\/uploads\/2022\/04\/bedroom-1.jpg\" alt=\"chambre \u00e0 coucher\" \/><\/figure><\/a><\/div><div class=\"swiper-slide\" role=\"group\" aria-roledescription=\"slide\" aria-label=\"3 de 6\"><a data-elementor-open-lightbox=\"yes\" data-elementor-lightbox-slideshow=\"25fa658\" data-elementor-lightbox-title=\"casitas-de-madera-huerta-romero-18\" data-e-action-hash=\"#elementor-action%3Aaction%3Dlightbox%26settings%3DeyJpZCI6MTIxMywidXJsIjoiaHR0cHM6XC9cL2NhbXBpbmdodWVydGFyb21lcm8uZXNcL3dwLWNvbnRlbnRcL3VwbG9hZHNcLzIwMjJcLzAxXC9jYXNpdGFzLWRlLW1hZGVyYS1odWVydGEtcm9tZXJvLTE4LmpwZyIsInNsaWRlc2hvdyI6IjI1ZmE2NTgifQ%3D%3D\" href=\"https:\/\/campinghuertaromero.es\/wp-content\/uploads\/2022\/01\/casitas-de-madera-huerta-romero-18.jpg\"><figure class=\"swiper-slide-inner\"><img decoding=\"async\" class=\"swiper-slide-image\" src=\"https:\/\/campinghuertaromero.es\/wp-content\/uploads\/2022\/01\/casitas-de-madera-huerta-romero-18-768x509.jpg\" alt=\"maisons en bois-orchard-grove-romero-18\" \/><\/figure><\/a><\/div><div class=\"swiper-slide\" role=\"group\" aria-roledescription=\"slide\" aria-label=\"4 de 6\"><a data-elementor-open-lightbox=\"yes\" data-elementor-lightbox-slideshow=\"25fa658\" data-elementor-lightbox-title=\"casitas-de-madera-huerta-romero-19\" data-e-action-hash=\"#elementor-action%3Aaction%3Dlightbox%26settings%3DeyJpZCI6MTIxNCwidXJsIjoiaHR0cHM6XC9cL2NhbXBpbmdodWVydGFyb21lcm8uZXNcL3dwLWNvbnRlbnRcL3VwbG9hZHNcLzIwMjJcLzAxXC9jYXNpdGFzLWRlLW1hZGVyYS1odWVydGEtcm9tZXJvLTE5LmpwZyIsInNsaWRlc2hvdyI6IjI1ZmE2NTgifQ%3D%3D\" href=\"https:\/\/campinghuertaromero.es\/wp-content\/uploads\/2022\/01\/casitas-de-madera-huerta-romero-19.jpg\"><figure class=\"swiper-slide-inner\"><img decoding=\"async\" class=\"swiper-slide-image\" src=\"https:\/\/campinghuertaromero.es\/wp-content\/uploads\/2022\/01\/casitas-de-madera-huerta-romero-19-768x509.jpg\" alt=\"maisons en bois-orchard-grove-romero-19\" \/><\/figure><\/a><\/div><div class=\"swiper-slide\" role=\"group\" aria-roledescription=\"slide\" aria-label=\"5 de 6\"><a data-elementor-open-lightbox=\"yes\" data-elementor-lightbox-slideshow=\"25fa658\" data-elementor-lightbox-title=\"casitas-de-madera-huerta-romero-20\" data-e-action-hash=\"#elementor-action%3Aaction%3Dlightbox%26settings%3DeyJpZCI6MTIxNSwidXJsIjoiaHR0cHM6XC9cL2NhbXBpbmdodWVydGFyb21lcm8uZXNcL3dwLWNvbnRlbnRcL3VwbG9hZHNcLzIwMjJcLzAxXC9jYXNpdGFzLWRlLW1hZGVyYS1odWVydGEtcm9tZXJvLTIwLmpwZyIsInNsaWRlc2hvdyI6IjI1ZmE2NTgifQ%3D%3D\" href=\"https:\/\/campinghuertaromero.es\/wp-content\/uploads\/2022\/01\/casitas-de-madera-huerta-romero-20.jpg\"><figure class=\"swiper-slide-inner\"><img decoding=\"async\" class=\"swiper-slide-image\" src=\"https:\/\/campinghuertaromero.es\/wp-content\/uploads\/2022\/01\/casitas-de-madera-huerta-romero-20-768x509.jpg\" alt=\"maisons en bois-orchard-grove-romero-20\" \/><\/figure><\/a><\/div><div class=\"swiper-slide\" role=\"group\" aria-roledescription=\"slide\" aria-label=\"6 de 6\"><a data-elementor-open-lightbox=\"yes\" data-elementor-lightbox-slideshow=\"25fa658\" data-elementor-lightbox-title=\"casitas-de-madera-huerta-romero-21 (1)\" data-e-action-hash=\"#elementor-action%3Aaction%3Dlightbox%26settings%3DeyJpZCI6MTIxMCwidXJsIjoiaHR0cHM6XC9cL2NhbXBpbmdodWVydGFyb21lcm8uZXNcL3dwLWNvbnRlbnRcL3VwbG9hZHNcLzIwMjJcLzAxXC9jYXNpdGFzLWRlLW1hZGVyYS1odWVydGEtcm9tZXJvLTIxLTEuanBnIiwic2xpZGVzaG93IjoiMjVmYTY1OCJ9\" href=\"https:\/\/campinghuertaromero.es\/wp-content\/uploads\/2022\/01\/casitas-de-madera-huerta-romero-21-1.jpg\"><figure class=\"swiper-slide-inner\"><img decoding=\"async\" class=\"swiper-slide-image\" src=\"https:\/\/campinghuertaromero.es\/wp-content\/uploads\/2022\/01\/casitas-de-madera-huerta-romero-21-1-768x509.jpg\" alt=\"casitas-de-madera-huerta-romero-21 (1)\" \/><\/figure><\/a><\/div>\t\t\t<\/div>\n\t\t\t\t\t\t\t\t\t\t\t\t<div class=\"elementor-swiper-button elementor-swiper-button-prev\" role=\"button\" tabindex=\"0\">\n\t\t\t\t\t\t<i aria-hidden=\"true\" class=\"eicon-chevron-left\"><\/i>\t\t\t\t\t<\/div>\n\t\t\t\t\t<div class=\"elementor-swiper-button elementor-swiper-button-next\" role=\"button\" tabindex=\"0\">\n\t\t\t\t\t\t<i aria-hidden=\"true\" class=\"eicon-chevron-right\"><\/i>\t\t\t\t\t<\/div>\n\t\t\t\t\n\t\t\t\t\t\t\t\t\t<\/div>\n\t\t\t\t\t\t<\/div>\n\t\t\t\t<\/div>\n\t\t\t\t\t<\/div>\n\t\t<\/div>\n\t\t\t\t<div class=\"elementor-column elementor-col-50 elementor-inner-column elementor-element elementor-element-5176922\" data-id=\"5176922\" data-element_type=\"column\" data-e-type=\"column\">\n\t\t\t<div class=\"elementor-widget-wrap elementor-element-populated\">\n\t\t\t\t\t\t<div class=\"elementor-element elementor-element-939d6bb elementor-widget elementor-widget-heading\" data-id=\"939d6bb\" data-element_type=\"widget\" data-e-type=\"widget\" data-widget_type=\"heading.default\">\n\t\t\t\t<div class=\"elementor-widget-container\">\n\t\t\t\t\t<h6 class=\"elementor-heading-title elementor-size-default\">01.<\/h6>\t\t\t\t<\/div>\n\t\t\t\t<\/div>\n\t\t\t\t<div class=\"elementor-element elementor-element-7603447 elementor-widget elementor-widget-heading\" data-id=\"7603447\" data-element_type=\"widget\" data-e-type=\"widget\" data-widget_type=\"heading.default\">\n\t\t\t\t<div class=\"elementor-widget-container\">\n\t\t\t\t\t<h3 class=\"elementor-heading-title elementor-size-default\">Maison en bois<\/h3>\t\t\t\t<\/div>\n\t\t\t\t<\/div>\n\t\t\t\t<div class=\"elementor-element elementor-element-7f264c6 elementor-widget elementor-widget-text-editor\" data-id=\"7f264c6\" data-element_type=\"widget\" data-e-type=\"widget\" data-widget_type=\"text-editor.default\">\n\t\t\t\t<div class=\"elementor-widget-container\">\n\t\t\t\t\t\t\t\t\t<ul class=\"list-style2\"><li>Ind\u00e9pendant<\/li><li>Terrasse ext\u00e9rieure avec table et chaises<\/li><li><strong>Enti\u00e8rement \u00e9quip\u00e9<\/strong><\/li><li>Cuisine, toilettes, r\u00e9frig\u00e9rateur, climatisation, TV...<\/li><\/ul>\t\t\t\t\t\t\t\t<\/div>\n\t\t\t\t<\/div>\n\t\t\t\t<div class=\"elementor-element elementor-element-c29e1ac elementor-widget elementor-widget-button\" data-id=\"c29e1ac\" data-element_type=\"widget\" data-e-type=\"widget\" data-widget_type=\"button.default\">\n\t\t\t\t<div class=\"elementor-widget-container\">\n\t\t\t\t\t\t\t\t\t<div class=\"elementor-button-wrapper\">\n\t\t\t\t\t<a class=\"elementor-button elementor-button-link elementor-size-sm\" href=\"\/fr\/contacter\/\">\n\t\t\t\t\t\t<span class=\"elementor-button-content-wrapper\">\n\t\t\t\t\t\t\t\t\t<span class=\"elementor-button-text\">Voir<\/span>\n\t\t\t\t\t<\/span>\n\t\t\t\t\t<\/a>\n\t\t\t\t<\/div>\n\t\t\t\t\t\t\t\t<\/div>\n\t\t\t\t<\/div>\n\t\t\t\t\t<\/div>\n\t\t<\/div>\n\t\t\t\t\t<\/div>\n\t\t<\/section>\n\t\t\t\t<section class=\"elementor-section elementor-inner-section elementor-element elementor-element-0e842f8 elementor-reverse-tablet elementor-reverse-mobile elementor-section-boxed elementor-section-height-default elementor-section-height-default\" data-id=\"0e842f8\" data-element_type=\"section\" data-e-type=\"section\" data-settings=\"{&quot;background_background&quot;:&quot;classic&quot;}\">\n\t\t\t\t\t\t<div class=\"elementor-container elementor-column-gap-no\">\n\t\t\t\t\t<div class=\"elementor-column elementor-col-50 elementor-inner-column elementor-element elementor-element-396c925\" data-id=\"396c925\" data-element_type=\"column\" data-e-type=\"column\">\n\t\t\t<div class=\"elementor-widget-wrap elementor-element-populated\">\n\t\t\t\t\t\t<div class=\"elementor-element elementor-element-fe26f1f elementor-widget elementor-widget-heading\" data-id=\"fe26f1f\" data-element_type=\"widget\" data-e-type=\"widget\" data-widget_type=\"heading.default\">\n\t\t\t\t<div class=\"elementor-widget-container\">\n\t\t\t\t\t<h6 class=\"elementor-heading-title elementor-size-default\">02.<\/h6>\t\t\t\t<\/div>\n\t\t\t\t<\/div>\n\t\t\t\t<div class=\"elementor-element elementor-element-a24fd12 elementor-widget elementor-widget-heading\" data-id=\"a24fd12\" data-element_type=\"widget\" data-e-type=\"widget\" data-widget_type=\"heading.default\">\n\t\t\t\t<div class=\"elementor-widget-container\">\n\t\t\t\t\t<h3 class=\"elementor-heading-title elementor-size-default\">Caravanes \u00e0 louer<\/h3>\t\t\t\t<\/div>\n\t\t\t\t<\/div>\n\t\t\t\t<div class=\"elementor-element elementor-element-d9ff2d0 elementor-widget elementor-widget-text-editor\" data-id=\"d9ff2d0\" data-element_type=\"widget\" data-e-type=\"widget\" data-widget_type=\"text-editor.default\">\n\t\t\t\t<div class=\"elementor-widget-container\">\n\t\t\t\t\t\t\t\t\t<p>Une autre fa\u00e7on de profiter de votre s\u00e9jour :<\/p><p>- \u00c9quip\u00e9 d'une cuisini\u00e8re \u00e0 gaz ext\u00e9rieure<br \/>- R\u00e9frig\u00e9rateur<br \/>- Vaisselle et couverts<br \/>- Table de pique-nique<br \/>- Parcelles enti\u00e8rement ombrag\u00e9es<\/p>\t\t\t\t\t\t\t\t<\/div>\n\t\t\t\t<\/div>\n\t\t\t\t<div class=\"elementor-element elementor-element-d5cbc15 elementor-widget elementor-widget-button\" data-id=\"d5cbc15\" data-element_type=\"widget\" data-e-type=\"widget\" data-widget_type=\"button.default\">\n\t\t\t\t<div class=\"elementor-widget-container\">\n\t\t\t\t\t\t\t\t\t<div class=\"elementor-button-wrapper\">\n\t\t\t\t\t<a class=\"elementor-button elementor-button-link elementor-size-sm\" href=\"\/fr\/contacter\/\">\n\t\t\t\t\t\t<span class=\"elementor-button-content-wrapper\">\n\t\t\t\t\t\t\t\t\t<span class=\"elementor-button-text\">Voir<\/span>\n\t\t\t\t\t<\/span>\n\t\t\t\t\t<\/a>\n\t\t\t\t<\/div>\n\t\t\t\t\t\t\t\t<\/div>\n\t\t\t\t<\/div>\n\t\t\t\t\t<\/div>\n\t\t<\/div>\n\t\t\t\t<div class=\"elementor-column elementor-col-50 elementor-inner-column elementor-element elementor-element-cec1ce7\" data-id=\"cec1ce7\" data-element_type=\"column\" data-e-type=\"column\">\n\t\t\t<div class=\"elementor-widget-wrap elementor-element-populated\">\n\t\t\t\t\t\t<div class=\"elementor-element elementor-element-63f0d12 elementor-arrows-position-inside elementor-widget elementor-widget-image-carousel\" data-id=\"63f0d12\" data-element_type=\"widget\" data-e-type=\"widget\" data-settings=\"{&quot;slides_to_show&quot;:&quot;1&quot;,&quot;navigation&quot;:&quot;arrows&quot;,&quot;effect&quot;:&quot;fade&quot;,&quot;autoplay&quot;:&quot;yes&quot;,&quot;pause_on_hover&quot;:&quot;yes&quot;,&quot;pause_on_interaction&quot;:&quot;yes&quot;,&quot;autoplay_speed&quot;:5000,&quot;infinite&quot;:&quot;yes&quot;,&quot;speed&quot;:500}\" data-widget_type=\"image-carousel.default\">\n\t\t\t\t<div class=\"elementor-widget-container\">\n\t\t\t\t\t\t\t<div class=\"elementor-image-carousel-wrapper swiper\" role=\"region\" aria-roledescription=\"carousel\" aria-label=\"Carrusel de im\u00e1genes\" dir=\"ltr\">\n\t\t\t<div class=\"elementor-image-carousel swiper-wrapper swiper-image-stretch\" aria-live=\"off\">\n\t\t\t\t\t\t\t\t<div class=\"swiper-slide\" role=\"group\" aria-roledescription=\"slide\" aria-label=\"1 de 5\"><a data-elementor-open-lightbox=\"yes\" data-elementor-lightbox-slideshow=\"63f0d12\" data-elementor-lightbox-title=\"caravana-alquiler-0005\" data-e-action-hash=\"#elementor-action%3Aaction%3Dlightbox%26settings%3DeyJpZCI6MTIzMSwidXJsIjoiaHR0cHM6XC9cL2NhbXBpbmdodWVydGFyb21lcm8uZXNcL3dwLWNvbnRlbnRcL3VwbG9hZHNcLzIwMjJcLzAxXC9jYXJhdmFuYS1hbHF1aWxlci0wMDA1LWUxNjUxMTgxOTM0ODQ3LmpwZyIsInNsaWRlc2hvdyI6IjYzZjBkMTIifQ%3D%3D\" href=\"https:\/\/campinghuertaromero.es\/wp-content\/uploads\/2022\/01\/caravana-alquiler-0005-e1651181934847.jpg\"><figure class=\"swiper-slide-inner\"><img decoding=\"async\" class=\"swiper-slide-image\" src=\"https:\/\/campinghuertaromero.es\/wp-content\/uploads\/2022\/01\/caravana-alquiler-0005-e1651181934847.jpg\" alt=\"caravane-location-0005\" \/><\/figure><\/a><\/div><div class=\"swiper-slide\" role=\"group\" aria-roledescription=\"slide\" aria-label=\"2 sur 5\"><a data-elementor-open-lightbox=\"yes\" data-elementor-lightbox-slideshow=\"63f0d12\" data-elementor-lightbox-title=\"caravana_rosa_huerta_romero\" data-e-action-hash=\"#elementor-action%3Aaction%3Dlightbox%26settings%3DeyJpZCI6MTc1MiwidXJsIjoiaHR0cHM6XC9cL2NhbXBpbmdodWVydGFyb21lcm8uZXNcL3dwLWNvbnRlbnRcL3VwbG9hZHNcLzIwMjJcLzA0XC9jYXJhdmFuYV9yb3NhX2h1ZXJ0YV9yb21lcm8tMS5qcGciLCJzbGlkZXNob3ciOiI2M2YwZDEyIn0%3D\" href=\"https:\/\/campinghuertaromero.es\/wp-content\/uploads\/2022\/04\/caravana_rosa_huerta_romero-1.jpg\"><figure class=\"swiper-slide-inner\"><img decoding=\"async\" class=\"swiper-slide-image\" src=\"https:\/\/campinghuertaromero.es\/wp-content\/uploads\/2022\/04\/caravana_rosa_huerta_romero-1.jpg\" alt=\"caravana_rosa_huerta_romero_caravan\" \/><\/figure><\/a><\/div><div class=\"swiper-slide\" role=\"group\" aria-roledescription=\"slide\" aria-label=\"3 sur 5\"><a data-elementor-open-lightbox=\"yes\" data-elementor-lightbox-slideshow=\"63f0d12\" data-elementor-lightbox-title=\"exterior1_caravana_azul\" data-e-action-hash=\"#elementor-action%3Aaction%3Dlightbox%26settings%3DeyJpZCI6MTc0OCwidXJsIjoiaHR0cHM6XC9cL2NhbXBpbmdodWVydGFyb21lcm8uZXNcL3dwLWNvbnRlbnRcL3VwbG9hZHNcLzIwMjJcLzA0XC9leHRlcmlvcjFfY2FyYXZhbmFfYXp1bC0xLmpwZyIsInNsaWRlc2hvdyI6IjYzZjBkMTIifQ%3D%3D\" href=\"https:\/\/campinghuertaromero.es\/wp-content\/uploads\/2022\/04\/exterior1_caravana_azul-1.jpg\"><figure class=\"swiper-slide-inner\"><img decoding=\"async\" class=\"swiper-slide-image\" src=\"https:\/\/campinghuertaromero.es\/wp-content\/uploads\/2022\/04\/exterior1_caravana_azul-1.jpg\" alt=\"ext\u00e9rieur1_caravane_bleu\" \/><\/figure><\/a><\/div><div class=\"swiper-slide\" role=\"group\" aria-roledescription=\"slide\" aria-label=\"4 sur 5\"><a data-elementor-open-lightbox=\"yes\" data-elementor-lightbox-slideshow=\"63f0d12\" data-elementor-lightbox-title=\"caravana-alquiler-0006\" data-e-action-hash=\"#elementor-action%3Aaction%3Dlightbox%26settings%3DeyJpZCI6MTIzMiwidXJsIjoiaHR0cHM6XC9cL2NhbXBpbmdodWVydGFyb21lcm8uZXNcL3dwLWNvbnRlbnRcL3VwbG9hZHNcLzIwMjJcLzAxXC9jYXJhdmFuYS1hbHF1aWxlci0wMDA2LmpwZyIsInNsaWRlc2hvdyI6IjYzZjBkMTIifQ%3D%3D\" href=\"https:\/\/campinghuertaromero.es\/wp-content\/uploads\/2022\/01\/caravana-alquiler-0006.jpg\"><figure class=\"swiper-slide-inner\"><img decoding=\"async\" class=\"swiper-slide-image\" src=\"https:\/\/campinghuertaromero.es\/wp-content\/uploads\/2022\/01\/caravana-alquiler-0006.jpg\" alt=\"caravane-location-0006\" \/><\/figure><\/a><\/div><div class=\"swiper-slide\" role=\"group\" aria-roledescription=\"slide\" aria-label=\"5 sur 5\"><a data-elementor-open-lightbox=\"yes\" data-elementor-lightbox-slideshow=\"63f0d12\" data-elementor-lightbox-title=\"caravana-alquiler-0001\" data-e-action-hash=\"#elementor-action%3Aaction%3Dlightbox%26settings%3DeyJpZCI6MTIyOSwidXJsIjoiaHR0cHM6XC9cL2NhbXBpbmdodWVydGFyb21lcm8uZXNcL3dwLWNvbnRlbnRcL3VwbG9hZHNcLzIwMjJcLzAxXC9jYXJhdmFuYS1hbHF1aWxlci0wMDAxLmpwZyIsInNsaWRlc2hvdyI6IjYzZjBkMTIifQ%3D%3D\" href=\"https:\/\/campinghuertaromero.es\/wp-content\/uploads\/2022\/01\/caravana-alquiler-0001.jpg\"><figure class=\"swiper-slide-inner\"><img decoding=\"async\" class=\"swiper-slide-image\" src=\"https:\/\/campinghuertaromero.es\/wp-content\/uploads\/2022\/01\/caravana-alquiler-0001.jpg\" alt=\"location de caravane-0001\" \/><\/figure><\/a><\/div>\t\t\t<\/div>\n\t\t\t\t\t\t\t\t\t\t\t\t<div class=\"elementor-swiper-button elementor-swiper-button-prev\" role=\"button\" tabindex=\"0\">\n\t\t\t\t\t\t<i aria-hidden=\"true\" class=\"eicon-chevron-left\"><\/i>\t\t\t\t\t<\/div>\n\t\t\t\t\t<div class=\"elementor-swiper-button elementor-swiper-button-next\" role=\"button\" tabindex=\"0\">\n\t\t\t\t\t\t<i aria-hidden=\"true\" class=\"eicon-chevron-right\"><\/i>\t\t\t\t\t<\/div>\n\t\t\t\t\n\t\t\t\t\t\t\t\t\t<\/div>\n\t\t\t\t\t\t<\/div>\n\t\t\t\t<\/div>\n\t\t\t\t\t<\/div>\n\t\t<\/div>\n\t\t\t\t\t<\/div>\n\t\t<\/section>\n\t\t\t\t\t<\/div>\n\t\t<\/div>\n\t\t\t\t\t<\/div>\n\t\t<\/section>\n\t\t\t\t<\/div>","protected":false},"excerpt":{"rendered":"<p>Camping huerta romero Disfruta de un entorno inigualable Ofrecemos alternativas \u00fanicas para que disfrutes una estad\u00eda maravillosa. Anterior Siguiente 01. Casita de Madera Independientes Terraza exterior con mesa y sillas Completamente equipadas Cocina, aseo, frigor\u00edfico, aire acondicionado, TV\u2026 Consultar 02. Caravanas en alquiler Otra forma de disfrutar de la estancia: \u2022 Equipadas con cocina de [&hellip;]<\/p>\n","protected":false},"author":1,"featured_media":0,"parent":0,"menu_order":0,"comment_status":"closed","ping_status":"closed","template":"","meta":{"site-sidebar-layout":"no-sidebar","site-content-layout":"page-builder","ast-site-content-layout":"default","site-content-style":"default","site-sidebar-style":"default","ast-global-header-display":"","ast-banner-title-visibility":"","ast-main-header-display":"","ast-hfb-above-header-display":"","ast-hfb-below-header-display":"","ast-hfb-mobile-header-display":"","site-post-title":"disabled","ast-breadcrumbs-content":"disabled","ast-featured-img":"disabled","footer-sml-layout":"","ast-disable-related-posts":"","theme-transparent-header-meta":"enabled","adv-header-id-meta":"","stick-header-meta":"","header-above-stick-meta":"","header-main-stick-meta":"","header-below-stick-meta":"","astra-migrate-meta-layouts":"default","ast-page-background-enabled":"default","ast-page-background-meta":{"desktop":{"background-color":"","background-image":"","background-repeat":"repeat","background-position":"center center","background-size":"auto","background-attachment":"scroll","background-type":"","background-media":"","overlay-type":"","overlay-color":"","overlay-opacity":"","overlay-gradient":""},"tablet":{"background-color":"","background-image":"","background-repeat":"repeat","background-position":"center center","background-size":"auto","background-attachment":"scroll","background-type":"","background-media":"","overlay-type":"","overlay-color":"","overlay-opacity":"","overlay-gradient":""},"mobile":{"background-color":"","background-image":"","background-repeat":"repeat","background-position":"center center","background-size":"auto","background-attachment":"scroll","background-type":"","background-media":"","overlay-type":"","overlay-color":"","overlay-opacity":"","overlay-gradient":""}},"ast-content-background-meta":{"desktop":{"background-color":"var(--ast-global-color-5)","background-image":"","background-repeat":"repeat","background-position":"center center","background-size":"auto","background-attachment":"scroll","background-type":"","background-media":"","overlay-type":"","overlay-color":"","overlay-opacity":"","overlay-gradient":""},"tablet":{"background-color":"var(--ast-global-color-5)","background-image":"","background-repeat":"repeat","background-position":"center center","background-size":"auto","background-attachment":"scroll","background-type":"","background-media":"","overlay-type":"","overlay-color":"","overlay-opacity":"","overlay-gradient":""},"mobile":{"background-color":"var(--ast-global-color-5)","background-image":"","background-repeat":"repeat","background-position":"center center","background-size":"auto","background-attachment":"scroll","background-type":"","background-media":"","overlay-type":"","overlay-color":"","overlay-opacity":"","overlay-gradient":""}},"footnotes":""},"class_list":["post-681","page","type-page","status-publish","hentry"],"_links":{"self":[{"href":"https:\/\/campinghuertaromero.es\/fr\/wp-json\/wp\/v2\/pages\/681","targetHints":{"allow":["GET"]}}],"collection":[{"href":"https:\/\/campinghuertaromero.es\/fr\/wp-json\/wp\/v2\/pages"}],"about":[{"href":"https:\/\/campinghuertaromero.es\/fr\/wp-json\/wp\/v2\/types\/page"}],"author":[{"embeddable":true,"href":"https:\/\/campinghuertaromero.es\/fr\/wp-json\/wp\/v2\/users\/1"}],"replies":[{"embeddable":true,"href":"https:\/\/campinghuertaromero.es\/fr\/wp-json\/wp\/v2\/comments?post=681"}],"version-history":[{"count":62,"href":"https:\/\/campinghuertaromero.es\/fr\/wp-json\/wp\/v2\/pages\/681\/revisions"}],"predecessor-version":[{"id":1760,"href":"https:\/\/campinghuertaromero.es\/fr\/wp-json\/wp\/v2\/pages\/681\/revisions\/1760"}],"wp:attachment":[{"href":"https:\/\/campinghuertaromero.es\/fr\/wp-json\/wp\/v2\/media?parent=681"}],"curies":[{"name":"wp","href":"https:\/\/api.w.org\/{rel}","templated":true}]}}