{"id":792,"date":"2021-04-19T07:27:44","date_gmt":"2021-04-19T07:27:44","guid":{"rendered":"https:\/\/test.campinghuertaromero.es\/?page_id=792"},"modified":"2025-12-09T19:55:46","modified_gmt":"2025-12-09T18:55:46","slug":"tarifs","status":"publish","type":"page","link":"https:\/\/campinghuertaromero.es\/fr\/tarifas\/","title":{"rendered":"Tarifs douaniers"},"content":{"rendered":"<div data-elementor-type=\"wp-page\" data-elementor-id=\"792\" class=\"elementor elementor-792\">\n\t\t\t\t\t\t<section class=\"elementor-section elementor-top-section elementor-element elementor-element-b7affd8 elementor-section-boxed elementor-section-height-default elementor-section-height-default\" data-id=\"b7affd8\" data-element_type=\"section\" data-e-type=\"section\" data-settings=\"{&quot;background_background&quot;:&quot;classic&quot;}\">\n\t\t\t\t\t\t\t<div class=\"elementor-background-overlay\"><\/div>\n\t\t\t\t\t\t\t<div class=\"elementor-container elementor-column-gap-no\">\n\t\t\t\t\t<div class=\"elementor-column elementor-col-100 elementor-top-column elementor-element elementor-element-bb2a9a8\" data-id=\"bb2a9a8\" data-element_type=\"column\" data-e-type=\"column\">\n\t\t\t<div class=\"elementor-widget-wrap elementor-element-populated\">\n\t\t\t\t\t\t<div class=\"elementor-element elementor-element-816540a elementor-widget elementor-widget-heading\" data-id=\"816540a\" data-element_type=\"widget\" data-e-type=\"widget\" data-widget_type=\"heading.default\">\n\t\t\t\t<div class=\"elementor-widget-container\">\n\t\t\t\t\t<h2 class=\"elementor-heading-title elementor-size-default\">Tarifs douaniers<\/h2>\t\t\t\t<\/div>\n\t\t\t\t<\/div>\n\t\t\t\t<div class=\"elementor-element elementor-element-bd138c8 elementor-widget elementor-widget-text-editor\" data-id=\"bd138c8\" data-element_type=\"widget\" data-e-type=\"widget\" data-widget_type=\"text-editor.default\">\n\t\t\t\t<div class=\"elementor-widget-container\">\n\t\t\t\t\t\t\t\t\t<p>Dans cette section vous pouvez trouver tous les prix pour votre s\u00e9jour au Camping Huerta Romero.<\/p>\t\t\t\t\t\t\t\t<\/div>\n\t\t\t\t<\/div>\n\t\t\t\t\t<\/div>\n\t\t<\/div>\n\t\t\t\t\t<\/div>\n\t\t<\/section>\n\t\t\t\t<section class=\"elementor-section elementor-top-section elementor-element elementor-element-14590aa elementor-section-boxed elementor-section-height-default elementor-section-height-default\" data-id=\"14590aa\" data-element_type=\"section\" data-e-type=\"section\" data-settings=\"{&quot;background_background&quot;:&quot;classic&quot;}\">\n\t\t\t\t\t\t<div class=\"elementor-container elementor-column-gap-default\">\n\t\t\t\t\t<div class=\"elementor-column elementor-col-100 elementor-top-column elementor-element elementor-element-ee12e26\" data-id=\"ee12e26\" data-element_type=\"column\" data-e-type=\"column\">\n\t\t\t<div class=\"elementor-widget-wrap elementor-element-populated\">\n\t\t\t\t\t\t<div class=\"elementor-element elementor-element-37ce966 uael-faq-box-layout-yes align-at-left elementor-widget elementor-widget-uael-faq\" data-id=\"37ce966\" data-element_type=\"widget\" data-e-type=\"widget\" data-widget_type=\"uael-faq.default\">\n\t\t\t\t<div class=\"elementor-widget-container\">\n\t\t\t\t\t\n\t\t\t<div id='uael-faq-wrapper-585' class=\"uael-faq-wrapper\">\n\t\t\t\t<div class=\"uael-faq-container uael-faq-layout-accordion\" data-layout=\"toggle\" >\n\t\t\t\t\t\t\t\t\t\t\t\t<div id=\"uael-accordion-3bc8207\" class=\"uael-faq-accordion\" role=\"tablist\">\n\t\t\t\t\t\t\t\t<div class= \"uael-accordion-title\" aria-expanded=\"false\" role=\"tab\">\n\t\t\t\t\t\t\t\t\t<span class=\"uael-accordion-icon uael-accordion-icon-left\">\n\t\t\t\t\t\t\t\t\t\t<span class=\"uael-accordion-icon-closed\"><i class=\"fas fa-angle-right\"><\/i><\/span>\n\t\t\t\t\t\t\t\t\t\t<span class=\"uael-accordion-icon-opened\"><i class=\"fas fa-angle-up\"><\/i><\/span>\n\t\t\t\t\t\t\t\t\t<\/span>\n\t\t\t\t\t\t\t\t\t<span class=\"uael-question-3bc8207 uael-question-span\" tabindex=\"0\" id=\"uael-faq-1-6a040a3c19ed1\">TARIFS DE CAMPING D'HIVER<\/span>\n\t\t\t\t\t\t\t\t<\/div>\n\t\t\t\t\t\t\t\t<div class=\"uael-accordion-content\" role=\"tabpanel\">\n\t\t\t\t\t\t\t\t\t<span>\n\t\t\t\t\t\t\t\t\t<span><div class=\"su-tabs su-tabs-style-default su-tabs-mobile-stack\" data-active=\"1\" data-scroll-offset=\"0\" data-anchor-in-url=\"no\"><p>\u00a0<\/p><div class=\"su-tabs-panes\"><div class=\"su-tabs-pane su-u-clearfix su-u-trim\" data-title=\"&lt;strong&gt; &lt;p&gt;TARIFAS CAMPING INVIERNO&lt;\/strong&gt;\"><h3><strong>Es considerada temporada de invierno la comprendida entre el 15 de septiembre y el 15 de junio (excepto festivos y v\u00edsperas)<\/strong><\/h3><h3>Offre de packs d'hiver<\/h3><div class=\"su-table su-table-alternate\"><table><tbody><tr><td>Emplacement + Camping-car + 2 personnes (\u00e9lectricit\u00e9 incluse)<\/td><td>22,90 \u20ac<\/td><\/tr><tr><td>Emplacement + caravane + voiture + 2 personnes (\u00e9lectricit\u00e9 comprise)<\/td><td>22,90 \u20ac<\/td><\/tr><tr><td>Aire de camping pour 2 personnes (\u00e9lectricit\u00e9 incluse)<\/td><td>18,00 \u20ac<\/td><\/tr><\/tbody><\/table><\/div><h3>Tarif officiel d'hiver<\/h3><div class=\"su-table su-table-alternate\"><table><tbody><tr><td>Adultes<\/td><td>7,00 \u20ac<\/td><\/tr><tr><td>Enfants<\/td><td>5,00 \u20ac<\/td><\/tr><tr><td>\u00c9lectricit\u00e9 (10 amp\u00e8res)<\/td><td>par consommation<\/td><\/tr><tr><td>WiFi<\/td><td>GRATUIT<\/td><\/tr><tr><td>Animaux domestiques<\/td><td>GRATUIT<\/td><\/tr><\/tbody><\/table><\/div><div class=\"su-table su-table-alternate\"><table><tbody><tr><td>Voiture<\/td><td>GRATUIT<\/td><\/tr><tr><td>Moto<\/td><td>GRATUIT<\/td><\/tr><tr><td>Caravane<\/td><td>9,50 \u20ac<\/td><\/tr><tr><td>Camper<\/td><td>9,00 \u20ac<\/td><\/tr><tr><td>Camping-car<\/td><td>9,50 \u20ac<\/td><\/tr><tr><td>Tente moyenne<\/td><td>7,00 \u20ac<\/td><\/tr><tr><td>Grand tente<\/td><td>9,50 \u20ac<\/td><\/tr><\/tbody><\/table><\/div><\/div><\/div><\/div><\/span>\t\t\t\t\t\t\t\t\t<\/span>\n\t\t\t\t\t\t\t\t<\/div>\n\t\t\t\t\t\t\t<\/div>\n\t\t\t\t\t\t\t\t\t\t\t\t\t\t<div id=\"uael-accordion-0cf67a0\" class=\"uael-faq-accordion\" role=\"tablist\">\n\t\t\t\t\t\t\t\t<div class= \"uael-accordion-title\" aria-expanded=\"false\" role=\"tab\">\n\t\t\t\t\t\t\t\t\t<span class=\"uael-accordion-icon uael-accordion-icon-left\">\n\t\t\t\t\t\t\t\t\t\t<span class=\"uael-accordion-icon-closed\"><i class=\"fas fa-angle-right\"><\/i><\/span>\n\t\t\t\t\t\t\t\t\t\t<span class=\"uael-accordion-icon-opened\"><i class=\"fas fa-angle-up\"><\/i><\/span>\n\t\t\t\t\t\t\t\t\t<\/span>\n\t\t\t\t\t\t\t\t\t<span class=\"uael-question-0cf67a0 uael-question-span\" tabindex=\"0\" id=\"uael-faq-2-6a040a3c19efd\">TARIFS DE CAMPING D'\u00c9T\u00c9<\/span>\n\t\t\t\t\t\t\t\t<\/div>\n\t\t\t\t\t\t\t\t<div class=\"uael-accordion-content\" role=\"tabpanel\">\n\t\t\t\t\t\t\t\t\t<span>\n\t\t\t\t\t\t\t\t\t<span><div class=\"su-tabs-pane su-u-clearfix su-u-trim\" data-title=\"&lt;strong&gt;&lt;p&gt;TARIFAS CAMPING VERANO&lt;\/strong&gt;\"><p>\u00a0<\/p><h3><strong>Es considerad a temporada de verano la comprendida entre el 15 de junio y el 15 de septiembre<br \/><\/strong><\/h3><p><strong>\u00a0<\/strong><\/p><div class=\"su-table su-table-alternate\"><table><tbody><tr><td>Adultes<\/td><td>7,50\u20ac<\/td><\/tr><tr><td>Enfants<\/td><td>5,95 \u20ac<\/td><\/tr><tr><td>\u00c9lectricit\u00e9 (10 amp\u00e8res)<\/td><td>6,00 \u20ac<\/td><\/tr><tr><td>WiFi<\/td><td>GRATUIT<\/td><\/tr><tr><td>Animaux domestiques<\/td><td>GRATUIT<\/td><\/tr><\/tbody><\/table><\/div><div class=\"su-table su-table-alternate\"><table><tbody><tr><td>Voiture<\/td><td>7,90 \u20ac<\/td><\/tr><tr><td>Moto<\/td><td>6,00 \u20ac<\/td><\/tr><tr><td>Caravane<\/td><td>10,50 \u20ac<\/td><\/tr><tr><td>Lit de voiture<\/td><td>10,50 \u20ac<\/td><\/tr><tr><td>Camping-car<\/td><td>11,90 \u20ac<\/td><\/tr><tr><td>Tente moyenne<\/td><td>8,25 \u20ac<\/td><\/tr><tr><td>Grand tente<\/td><td>10,50 \u20ac<\/td><\/tr><\/tbody><\/table><\/div><\/div><\/span>\t\t\t\t\t\t\t\t\t<\/span>\n\t\t\t\t\t\t\t\t<\/div>\n\t\t\t\t\t\t\t<\/div>\n\t\t\t\t\t\t\t\t\t\t\t<\/div>\n\t\t\t<\/div>\n\t\t\t\t\t\t\t<\/div>\n\t\t\t\t<\/div>\n\t\t\t\t\t<\/div>\n\t\t<\/div>\n\t\t\t\t\t<\/div>\n\t\t<\/section>\n\t\t\t\t<section class=\"elementor-section elementor-top-section elementor-element elementor-element-a1c4ed0 elementor-section-boxed elementor-section-height-default elementor-section-height-default\" data-id=\"a1c4ed0\" data-element_type=\"section\" data-e-type=\"section\" data-settings=\"{&quot;background_background&quot;:&quot;classic&quot;}\">\n\t\t\t\t\t\t\t<div class=\"elementor-background-overlay\"><\/div>\n\t\t\t\t\t\t\t<div class=\"elementor-container elementor-column-gap-default\">\n\t\t\t\t\t<div class=\"elementor-column elementor-col-100 elementor-top-column elementor-element elementor-element-0fdaf2a\" data-id=\"0fdaf2a\" data-element_type=\"column\" data-e-type=\"column\">\n\t\t\t<div class=\"elementor-widget-wrap elementor-element-populated\">\n\t\t\t\t\t\t<div class=\"elementor-element elementor-element-8660d80 elementor-widget elementor-widget-heading\" data-id=\"8660d80\" data-element_type=\"widget\" data-e-type=\"widget\" data-widget_type=\"heading.default\">\n\t\t\t\t<div class=\"elementor-widget-container\">\n\t\t\t\t\t<h2 class=\"elementor-heading-title elementor-size-default\">Tarifs d'h\u00e9bergement<\/h2>\t\t\t\t<\/div>\n\t\t\t\t<\/div>\n\t\t\t\t\t<\/div>\n\t\t<\/div>\n\t\t\t\t\t<\/div>\n\t\t<\/section>\n\t\t\t\t<section class=\"elementor-section elementor-top-section elementor-element elementor-element-2425af6 elementor-section-boxed elementor-section-height-default elementor-section-height-default\" data-id=\"2425af6\" data-element_type=\"section\" data-e-type=\"section\" data-settings=\"{&quot;background_background&quot;:&quot;classic&quot;}\">\n\t\t\t\t\t\t<div class=\"elementor-container elementor-column-gap-default\">\n\t\t\t\t\t<div class=\"elementor-column elementor-col-100 elementor-top-column elementor-element elementor-element-78a4000\" data-id=\"78a4000\" data-element_type=\"column\" data-e-type=\"column\">\n\t\t\t<div class=\"elementor-widget-wrap elementor-element-populated\">\n\t\t\t\t\t\t<div class=\"elementor-element elementor-element-43efc43 uael-faq-box-layout-yes align-at-left elementor-widget elementor-widget-uael-faq\" data-id=\"43efc43\" data-element_type=\"widget\" data-e-type=\"widget\" data-widget_type=\"uael-faq.default\">\n\t\t\t\t<div class=\"elementor-widget-container\">\n\t\t\t\t\t\n\t\t\t<div id='uael-faq-wrapper-712' class=\"uael-faq-wrapper\">\n\t\t\t\t<div class=\"uael-faq-container uael-faq-layout-accordion\" data-layout=\"toggle\" >\n\t\t\t\t\t\t\t\t\t\t\t\t<div id=\"uael-accordion-ff308dc\" class=\"uael-faq-accordion\" role=\"tablist\">\n\t\t\t\t\t\t\t\t<div class= \"uael-accordion-title\" aria-expanded=\"false\" role=\"tab\">\n\t\t\t\t\t\t\t\t\t<span class=\"uael-accordion-icon uael-accordion-icon-left\">\n\t\t\t\t\t\t\t\t\t\t<span class=\"uael-accordion-icon-closed\"><i class=\"fas fa-angle-right\"><\/i><\/span>\n\t\t\t\t\t\t\t\t\t\t<span class=\"uael-accordion-icon-opened\"><i class=\"fas fa-angle-up\"><\/i><\/span>\n\t\t\t\t\t\t\t\t\t<\/span>\n\t\t\t\t\t\t\t\t\t<span class=\"uael-question-ff308dc uael-question-span\" tabindex=\"0\" id=\"uael-faq-1-6a040a3c1a636\">TARIFS D'H\u00c9BERGEMENT EN HIVER<\/span>\n\t\t\t\t\t\t\t\t<\/div>\n\t\t\t\t\t\t\t\t<div class=\"uael-accordion-content\" role=\"tabpanel\">\n\t\t\t\t\t\t\t\t\t<span>\n\t\t\t\t\t\t\t\t\t<span><div class=\"su-tabs su-tabs-style-default su-tabs-mobile-stack\" data-active=\"1\" data-scroll-offset=\"0\" data-anchor-in-url=\"no\"><p>\u00a0<\/p><h3><strong>Es considerada temporada de invierno la comprendida entre el 15 de septiembre y el 15 de junio (excepto festivos y v\u00edsperas)<\/strong><\/h3><div class=\"su-tabs-panes\"><div class=\"su-tabs-pane su-u-clearfix su-u-trim\" data-title=\"&lt;strong&gt;&lt;p&gt;TARIFAS ALOJAMIENTOS INVIERNO&lt;\/strong&gt;\"><div class=\"su-table su-table-alternate\"><table><tbody><tr><td>Dur\u00e9e<\/td><td>Caravane remise \u00e0 neuf<\/td><td>Bungalow\/Cottage en bois<\/td><td>\u00a0<\/td><\/tr><tr><td>1 jour<\/td><td>45 \u20ac<\/td><td>59 \u20ac<\/td><td>\u00a0<\/td><\/tr><tr><td>Semaine<\/td><td>229 \u20ac<\/td><td>299 \u20ac<\/td><td>\u00a0<\/td><\/tr><tr><td>15 jours<\/td><td>349 \u20ac<\/td><td>439 \u20ac<\/td><td>\u00a0<\/td><\/tr><tr><td>Mois<\/td><td>429 \u20ac<\/td><td>660 \u20ac<\/td><td>\u00a0<\/td><\/tr><\/tbody><\/table><\/div><\/div><\/div><\/div><\/span>\t\t\t\t\t\t\t\t\t<\/span>\n\t\t\t\t\t\t\t\t<\/div>\n\t\t\t\t\t\t\t<\/div>\n\t\t\t\t\t\t\t\t\t\t\t\t\t\t<div id=\"uael-accordion-0cf67a0\" class=\"uael-faq-accordion\" role=\"tablist\">\n\t\t\t\t\t\t\t\t<div class= \"uael-accordion-title\" aria-expanded=\"false\" role=\"tab\">\n\t\t\t\t\t\t\t\t\t<span class=\"uael-accordion-icon uael-accordion-icon-left\">\n\t\t\t\t\t\t\t\t\t\t<span class=\"uael-accordion-icon-closed\"><i class=\"fas fa-angle-right\"><\/i><\/span>\n\t\t\t\t\t\t\t\t\t\t<span class=\"uael-accordion-icon-opened\"><i class=\"fas fa-angle-up\"><\/i><\/span>\n\t\t\t\t\t\t\t\t\t<\/span>\n\t\t\t\t\t\t\t\t\t<span class=\"uael-question-0cf67a0 uael-question-span\" tabindex=\"0\" id=\"uael-faq-2-6a040a3c1a661\">TARIFS D'H\u00c9BERGEMENT D'\u00c9T\u00c9<\/span>\n\t\t\t\t\t\t\t\t<\/div>\n\t\t\t\t\t\t\t\t<div class=\"uael-accordion-content\" role=\"tabpanel\">\n\t\t\t\t\t\t\t\t\t<span>\n\t\t\t\t\t\t\t\t\t<span><div class=\"su-tabs-pane su-u-clearfix su-u-trim\" data-title=\"&lt;strong&gt;TARIFAS ALOJAMIENTOS VERANO&lt;\/strong&gt;\"><p>\u00a0<\/p><h3><strong>Es considerada temporada de verano la comprendida entre el 15 de junio y el 15 de septiembre<br \/><\/strong><\/h3><div class=\"su-table su-table-alternate\"><table><tbody><tr><td>Dur\u00e9e<\/td><td>Caravane remise \u00e0 neuf<\/td><td>Bungalow\/Cottage en bois<\/td><td>\u00a0<\/td><\/tr><tr><td>1 jour<\/td><td>65 \u20ac<\/td><td>89 \u20ac<\/td><td>\u00a0<\/td><\/tr><tr><td>Semaine<\/td><td>445 \u20ac<\/td><td>595 \u20ac<\/td><td>\u00a0<\/td><\/tr><tr><td>15 jours<\/td><td>829 \u20ac<\/td><td>1150 \u20ac<\/td><td>\u00a0<\/td><\/tr><tr><td>Mois<\/td><td>1399 \u20ac<\/td><td>2340 \u20ac<\/td><td>\u00a0<\/td><\/tr><\/tbody><\/table><\/div><\/div><\/span>\t\t\t\t\t\t\t\t\t<\/span>\n\t\t\t\t\t\t\t\t<\/div>\n\t\t\t\t\t\t\t<\/div>\n\t\t\t\t\t\t\t\t\t\t\t<\/div>\n\t\t\t<\/div>\n\t\t\t\t\t\t\t<\/div>\n\t\t\t\t<\/div>\n\t\t\t\t\t<\/div>\n\t\t<\/div>\n\t\t\t\t\t<\/div>\n\t\t<\/section>\n\t\t\t\t<\/div>","protected":false},"excerpt":{"rendered":"<p>Tarifas En este apartado podr\u00e1s encontrar todas las tarifas de precios para tu estancia en Camping Huerta Romero. TARIFAS CAMPING INVIERNO \u00a0 Es considerada temporada de invierno la comprendida entre el 15 de septiembre y el 15 de junio (excepto festivos y v\u00edsperas) Oferta Packs invierno Parcela + Autocaravana + 2 personas (electricidad incluida) 22,90 [&hellip;]<\/p>\n","protected":false},"author":1,"featured_media":0,"parent":0,"menu_order":0,"comment_status":"closed","ping_status":"closed","template":"","meta":{"site-sidebar-layout":"no-sidebar","site-content-layout":"page-builder","ast-site-content-layout":"default","site-content-style":"default","site-sidebar-style":"default","ast-global-header-display":"","ast-banner-title-visibility":"","ast-main-header-display":"","ast-hfb-above-header-display":"","ast-hfb-below-header-display":"","ast-hfb-mobile-header-display":"","site-post-title":"disabled","ast-breadcrumbs-content":"disabled","ast-featured-img":"disabled","footer-sml-layout":"","ast-disable-related-posts":"","theme-transparent-header-meta":"enabled","adv-header-id-meta":"","stick-header-meta":"","header-above-stick-meta":"","header-main-stick-meta":"","header-below-stick-meta":"","astra-migrate-meta-layouts":"default","ast-page-background-enabled":"default","ast-page-background-meta":{"desktop":{"background-color":"","background-image":"","background-repeat":"repeat","background-position":"center center","background-size":"auto","background-attachment":"scroll","background-type":"","background-media":"","overlay-type":"","overlay-color":"","overlay-opacity":"","overlay-gradient":""},"tablet":{"background-color":"","background-image":"","background-repeat":"repeat","background-position":"center center","background-size":"auto","background-attachment":"scroll","background-type":"","background-media":"","overlay-type":"","overlay-color":"","overlay-opacity":"","overlay-gradient":""},"mobile":{"background-color":"","background-image":"","background-repeat":"repeat","background-position":"center center","background-size":"auto","background-attachment":"scroll","background-type":"","background-media":"","overlay-type":"","overlay-color":"","overlay-opacity":"","overlay-gradient":""}},"ast-content-background-meta":{"desktop":{"background-color":"var(--ast-global-color-5)","background-image":"","background-repeat":"repeat","background-position":"center center","background-size":"auto","background-attachment":"scroll","background-type":"","background-media":"","overlay-type":"","overlay-color":"","overlay-opacity":"","overlay-gradient":""},"tablet":{"background-color":"var(--ast-global-color-5)","background-image":"","background-repeat":"repeat","background-position":"center center","background-size":"auto","background-attachment":"scroll","background-type":"","background-media":"","overlay-type":"","overlay-color":"","overlay-opacity":"","overlay-gradient":""},"mobile":{"background-color":"var(--ast-global-color-5)","background-image":"","background-repeat":"repeat","background-position":"center center","background-size":"auto","background-attachment":"scroll","background-type":"","background-media":"","overlay-type":"","overlay-color":"","overlay-opacity":"","overlay-gradient":""}},"footnotes":""},"class_list":["post-792","page","type-page","status-publish","hentry"],"_links":{"self":[{"href":"https:\/\/campinghuertaromero.es\/fr\/wp-json\/wp\/v2\/pages\/792","targetHints":{"allow":["GET"]}}],"collection":[{"href":"https:\/\/campinghuertaromero.es\/fr\/wp-json\/wp\/v2\/pages"}],"about":[{"href":"https:\/\/campinghuertaromero.es\/fr\/wp-json\/wp\/v2\/types\/page"}],"author":[{"embeddable":true,"href":"https:\/\/campinghuertaromero.es\/fr\/wp-json\/wp\/v2\/users\/1"}],"replies":[{"embeddable":true,"href":"https:\/\/campinghuertaromero.es\/fr\/wp-json\/wp\/v2\/comments?post=792"}],"version-history":[{"count":145,"href":"https:\/\/campinghuertaromero.es\/fr\/wp-json\/wp\/v2\/pages\/792\/revisions"}],"predecessor-version":[{"id":1920,"href":"https:\/\/campinghuertaromero.es\/fr\/wp-json\/wp\/v2\/pages\/792\/revisions\/1920"}],"wp:attachment":[{"href":"https:\/\/campinghuertaromero.es\/fr\/wp-json\/wp\/v2\/media?parent=792"}],"curies":[{"name":"wp","href":"https:\/\/api.w.org\/{rel}","templated":true}]}}